{"id":707,"date":"2022-04-26T23:14:02","date_gmt":"2022-04-26T23:14:02","guid":{"rendered":"https:\/\/her-startup.ca\/?page_id=707"},"modified":"2022-08-12T15:15:44","modified_gmt":"2022-08-12T19:15:44","slug":"eligibility","status":"publish","type":"page","link":"https:\/\/her-startup.ca\/fr\/eligibility\/","title":{"rendered":"Admissibilit\u00e9"},"content":{"rendered":"<div data-elementor-type=\"wp-page\" data-elementor-id=\"707\" class=\"elementor elementor-707\">\n\t\t\t\t\t\t<div class=\"elementor-inner\">\n\t\t\t\t<div class=\"elementor-section-wrap\">\n\t\t\t\t\t\t\t\t\t<section class=\"elementor-section elementor-top-section elementor-element elementor-element-c3cc8e6 elementor-section-items-stretch elementor-section-height-min-height elementor-section-boxed elementor-section-height-default\" data-id=\"c3cc8e6\" data-element_type=\"section\" data-settings=\"{&quot;background_background&quot;:&quot;classic&quot;}\">\n\t\t\t\t\t\t<div class=\"elementor-container elementor-column-gap-default\">\n\t\t\t\t\t\t\t<div class=\"elementor-row\">\n\t\t\t\t\t<div class=\"elementor-column elementor-col-100 elementor-top-column elementor-element elementor-element-b000d2a\" data-id=\"b000d2a\" data-element_type=\"column\">\n\t\t\t<div class=\"elementor-column-wrap elementor-element-populated\">\n\t\t\t\t\t\t\t<div class=\"elementor-widget-wrap\">\n\t\t\t\t\t\t<div class=\"elementor-element elementor-element-a4c1fda elementor-invisible elementor-widget elementor-widget-heading\" data-id=\"a4c1fda\" data-element_type=\"widget\" data-settings=\"{&quot;_animation&quot;:&quot;fadeInUp&quot;}\" data-widget_type=\"heading.default\">\n\t\t\t\t<div class=\"elementor-widget-container\">\n\t\t\t<h1 class=\"elementor-heading-title elementor-size-default\">Au sujet de Votre Admissibilit\u00e9 au Programme<\/h1>\t\t<\/div>\n\t\t\t\t<\/div>\n\t\t\t\t\t\t<\/div>\n\t\t\t\t\t<\/div>\n\t\t<\/div>\n\t\t\t\t\t\t\t\t<\/div>\n\t\t\t\t\t<\/div>\n\t\t<\/section>\n\t\t\t\t<section class=\"elementor-section elementor-top-section elementor-element elementor-element-6cd06af elementor-section-boxed elementor-section-height-default elementor-section-height-default\" data-id=\"6cd06af\" data-element_type=\"section\">\n\t\t\t\t\t\t<div class=\"elementor-container elementor-column-gap-default\">\n\t\t\t\t\t\t\t<div class=\"elementor-row\">\n\t\t\t\t\t<div class=\"elementor-column elementor-col-50 elementor-top-column elementor-element elementor-element-f3807a7\" data-id=\"f3807a7\" data-element_type=\"column\">\n\t\t\t<div class=\"elementor-column-wrap elementor-element-populated\">\n\t\t\t\t\t\t\t<div class=\"elementor-widget-wrap\">\n\t\t\t\t\t\t<div class=\"elementor-element elementor-element-c17b1b0 elementor-widget elementor-widget-text-editor\" data-id=\"c17b1b0\" data-element_type=\"widget\" data-widget_type=\"text-editor.default\">\n\t\t\t\t<div class=\"elementor-widget-container\">\n\t\t\t\t\t\t\t\t<div class=\"elementor-text-editor elementor-clearfix\">\n\t\t\t\t<p><span style=\"font-weight: 400;\">HER Startup empowers refugee women from diverse backgrounds to launch their very own businesses. The program values diversity and focuses on the inclusion of refugee women within the startup community. We are seeking applicants who are passionate and driven to launch their own business, and have a wide-range of personal and professional experiences. Successful candidates will possess an entrepreneurial mindset as well as a commitment t<\/span><span style=\"font-weight: 400;\">Pour en savoir plus, veuillez consulter notre <\/span><a href=\"https:\/\/her-startup.ca\/fr\/application-process\/\" target=\"_blank\" rel=\"noopener\"><span style=\"font-weight: 400;\">Page De L&#039;Application<\/span><\/a><span style=\"font-weight: 400;\"> ou contactez-nous au <a href=\"mailto:herstartup@syriancanadianfoundation.ca\" target=\"_blank\" rel=\"noopener\"><span style=\"font-weight: 400;\">herstartup@syriancanadianfoundation.ca<\/span><\/a>.<\/span><\/p>\t\t\t\t\t<\/div>\n\t\t\t\t\t\t<\/div>\n\t\t\t\t<\/div>\n\t\t\t\t\t\t<\/div>\n\t\t\t\t\t<\/div>\n\t\t<\/div>\n\t\t\t\t<div class=\"elementor-column elementor-col-50 elementor-top-column elementor-element elementor-element-8b13922\" data-id=\"8b13922\" data-element_type=\"column\">\n\t\t\t<div class=\"elementor-column-wrap elementor-element-populated\">\n\t\t\t\t\t\t\t<div class=\"elementor-widget-wrap\">\n\t\t\t\t\t\t<div class=\"elementor-element elementor-element-907a7ba elementor-align-center elementor-widget elementor-widget-lottie\" data-id=\"907a7ba\" data-element_type=\"widget\" data-settings=\"{&quot;source&quot;:&quot;external_url&quot;,&quot;source_external_url&quot;:{&quot;url&quot;:&quot;https:\\\/\\\/assets10.lottiefiles.com\\\/packages\\\/lf20_0rvn1y9l.json&quot;,&quot;is_external&quot;:&quot;&quot;,&quot;nofollow&quot;:&quot;&quot;,&quot;custom_attributes&quot;:&quot;&quot;},&quot;loop&quot;:&quot;yes&quot;,&quot;play_speed&quot;:{&quot;unit&quot;:&quot;px&quot;,&quot;size&quot;:0.3,&quot;sizes&quot;:[]},&quot;link_to&quot;:&quot;none&quot;,&quot;trigger&quot;:&quot;arriving_to_viewport&quot;,&quot;viewport&quot;:{&quot;unit&quot;:&quot;%&quot;,&quot;size&quot;:&quot;&quot;,&quot;sizes&quot;:{&quot;start&quot;:0,&quot;end&quot;:100}},&quot;start_point&quot;:{&quot;unit&quot;:&quot;%&quot;,&quot;size&quot;:&quot;0&quot;,&quot;sizes&quot;:[]},&quot;end_point&quot;:{&quot;unit&quot;:&quot;%&quot;,&quot;size&quot;:&quot;100&quot;,&quot;sizes&quot;:[]},&quot;renderer&quot;:&quot;svg&quot;}\" data-widget_type=\"lottie.default\">\n\t\t\t\t<div class=\"elementor-widget-container\">\n\t\t\t<div class=\"e-lottie__container\"><div class=\"e-lottie__animation\"><\/div><\/div>\t\t<\/div>\n\t\t\t\t<\/div>\n\t\t\t\t\t\t<\/div>\n\t\t\t\t\t<\/div>\n\t\t<\/div>\n\t\t\t\t\t\t\t\t<\/div>\n\t\t\t\t\t<\/div>\n\t\t<\/section>\n\t\t\t\t<section class=\"elementor-section elementor-top-section elementor-element elementor-element-35d90ea elementor-section-boxed elementor-section-height-default elementor-section-height-default\" data-id=\"35d90ea\" data-element_type=\"section\">\n\t\t\t\t\t\t<div class=\"elementor-container elementor-column-gap-default\">\n\t\t\t\t\t\t\t<div class=\"elementor-row\">\n\t\t\t\t\t<div class=\"elementor-column elementor-col-100 elementor-top-column elementor-element elementor-element-5842a41\" data-id=\"5842a41\" data-element_type=\"column\">\n\t\t\t<div class=\"elementor-column-wrap elementor-element-populated\">\n\t\t\t\t\t\t\t<div class=\"elementor-widget-wrap\">\n\t\t\t\t\t\t<div class=\"elementor-element elementor-element-47a936f elementor-invisible elementor-widget elementor-widget-heading\" data-id=\"47a936f\" data-element_type=\"widget\" data-settings=\"{&quot;_animation&quot;:&quot;fadeInUp&quot;}\" data-widget_type=\"heading.default\">\n\t\t\t\t<div class=\"elementor-widget-container\">\n\t\t\t<h2 class=\"elementor-heading-title elementor-size-default\">Ne vous satisfont aux crit\u00e8res d&#039;admissibilit\u00e9 pour le programme?<\/h2>\t\t<\/div>\n\t\t\t\t<\/div>\n\t\t\t\t<div class=\"elementor-element elementor-element-57e3707 elementor-widget elementor-widget-toggle\" data-id=\"57e3707\" data-element_type=\"widget\" data-widget_type=\"toggle.default\">\n\t\t\t\t<div class=\"elementor-widget-container\">\n\t\t\t\t\t<div class=\"elementor-toggle\" role=\"tablist\">\n\t\t\t\t\t\t\t<div class=\"elementor-toggle-item\">\n\t\t\t\t\t<h4 id=\"elementor-tab-title-9211\" class=\"elementor-tab-title\" data-tab=\"1\" role=\"tab\" aria-controls=\"elementor-tab-content-9211\" aria-expanded=\"false\">\n\t\t\t\t\t\t\t\t\t\t\t\t<span class=\"elementor-toggle-icon elementor-toggle-icon-left\" aria-hidden=\"true\">\n\t\t\t\t\t\t\t\t\t\t\t\t\t\t\t<span class=\"elementor-toggle-icon-closed\"><i class=\"fas fa-caret-right\"><\/i><\/span>\n\t\t\t\t\t\t\t\t<span class=\"elementor-toggle-icon-opened\"><i class=\"elementor-toggle-icon-opened fas fa-caret-up\"><\/i><\/span>\n\t\t\t\t\t\t\t\t\t\t\t\t\t<\/span>\n\t\t\t\t\t\t\t\t\t\t\t\t<a href=\"\" class=\"elementor-toggle-title\">Identit\u00e9<\/a>\n\t\t\t\t\t<\/h4>\n\n\t\t\t\t\t<div id=\"elementor-tab-content-9211\" class=\"elementor-tab-content elementor-clearfix\" data-tab=\"1\" role=\"tabpanel\" aria-labelledby=\"elementor-tab-title-9211\"><ul>\n<li style=\"font-weight: 400;\" aria-level=\"4\"><span style=\"font-weight: 400;\">Les participantes doivent s'identifier \u00e0 une femme<\/span><\/li>\n<li style=\"font-weight: 400;\" aria-level=\"4\"><span style=\"font-weight: 400;\">Les participants doivent \u00eatre \u00e2g\u00e9s d'au moins 18 ans<\/span><\/li>\n<li style=\"font-weight: 400;\" aria-level=\"4\"><span style=\"font-weight: 400;\">Les participants doivent \u00eatre arriv\u00e9s au Canada en tant que r\u00e9fugi\u00e9s ou avoir actuellement le statut de r\u00e9fugi\u00e9.<\/span><\/li>\n<\/ul><\/div>\n\t\t\t\t<\/div>\n\t\t\t\t\t\t\t<div class=\"elementor-toggle-item\">\n\t\t\t\t\t<h4 id=\"elementor-tab-title-9212\" class=\"elementor-tab-title\" data-tab=\"2\" role=\"tab\" aria-controls=\"elementor-tab-content-9212\" aria-expanded=\"false\">\n\t\t\t\t\t\t\t\t\t\t\t\t<span class=\"elementor-toggle-icon elementor-toggle-icon-left\" aria-hidden=\"true\">\n\t\t\t\t\t\t\t\t\t\t\t\t\t\t\t<span class=\"elementor-toggle-icon-closed\"><i class=\"fas fa-caret-right\"><\/i><\/span>\n\t\t\t\t\t\t\t\t<span class=\"elementor-toggle-icon-opened\"><i class=\"elementor-toggle-icon-opened fas fa-caret-up\"><\/i><\/span>\n\t\t\t\t\t\t\t\t\t\t\t\t\t<\/span>\n\t\t\t\t\t\t\t\t\t\t\t\t<a href=\"\" class=\"elementor-toggle-title\">De l&#039;\u00e9ducation et de l&#039;Exp\u00e9rience<\/a>\n\t\t\t\t\t<\/h4>\n\n\t\t\t\t\t<div id=\"elementor-tab-content-9212\" class=\"elementor-tab-content elementor-clearfix\" data-tab=\"2\" role=\"tabpanel\" aria-labelledby=\"elementor-tab-title-9212\"><ul><li style=\"font-weight: 400;\" aria-level=\"4\"><span style=\"font-weight: 400;\">Les participants doivent avoir au moins un dipl\u00f4me d'\u00e9tudes secondaires ou une formation ou une exp\u00e9rience professionnelle \u00e9quivalente.<\/span><\/li><li style=\"font-weight: 400;\" aria-level=\"4\"><span style=\"font-weight: 400;\">Les participants doivent \u00eatre capables de communiquer efficacement en anglais (le niveau CLB est sup\u00e9rieur \u00e0 6 ou plus).<\/span><\/li><li style=\"font-weight: 400;\" aria-level=\"4\"><span style=\"font-weight: 400;\">Participants must not currently be enrolled in another full-time OR part-time program, as this would affect their ability to commit to HER Startup<\/span><\/li><\/ul><\/div>\n\t\t\t\t<\/div>\n\t\t\t\t\t\t\t<div class=\"elementor-toggle-item\">\n\t\t\t\t\t<h4 id=\"elementor-tab-title-9213\" class=\"elementor-tab-title\" data-tab=\"3\" role=\"tab\" aria-controls=\"elementor-tab-content-9213\" aria-expanded=\"false\">\n\t\t\t\t\t\t\t\t\t\t\t\t<span class=\"elementor-toggle-icon elementor-toggle-icon-left\" aria-hidden=\"true\">\n\t\t\t\t\t\t\t\t\t\t\t\t\t\t\t<span class=\"elementor-toggle-icon-closed\"><i class=\"fas fa-caret-right\"><\/i><\/span>\n\t\t\t\t\t\t\t\t<span class=\"elementor-toggle-icon-opened\"><i class=\"elementor-toggle-icon-opened fas fa-caret-up\"><\/i><\/span>\n\t\t\t\t\t\t\t\t\t\t\t\t\t<\/span>\n\t\t\t\t\t\t\t\t\t\t\t\t<a href=\"\" class=\"elementor-toggle-title\">Programme Intense<\/a>\n\t\t\t\t\t<\/h4>\n\n\t\t\t\t\t<div id=\"elementor-tab-content-9213\" class=\"elementor-tab-content elementor-clearfix\" data-tab=\"3\" role=\"tabpanel\" aria-labelledby=\"elementor-tab-title-9213\"><ul><li style=\"font-weight: 400;\" aria-level=\"4\"><span style=\"font-weight: 400;\">La dur\u00e9e de l&#039;engagement pendant la dur\u00e9e du programme est de 20 \u00e0 25<\/span> <span style=\"font-weight: 400;\">heures par semaine, pendant 6 mois. Les participants doivent \u00eatre en mesure de s'engager \u00e0 respecter cet horaire pendant toute la dur\u00e9e du programme. La pr\u00e9sence en classe est obligatoire pour ce programme - les pr\u00e9sences seront prises.<\/span><\/li><\/ul><\/div>\n\t\t\t\t<\/div>\n\t\t\t\t\t\t\t<div class=\"elementor-toggle-item\">\n\t\t\t\t\t<h4 id=\"elementor-tab-title-9214\" class=\"elementor-tab-title\" data-tab=\"4\" role=\"tab\" aria-controls=\"elementor-tab-content-9214\" aria-expanded=\"false\">\n\t\t\t\t\t\t\t\t\t\t\t\t<span class=\"elementor-toggle-icon elementor-toggle-icon-left\" aria-hidden=\"true\">\n\t\t\t\t\t\t\t\t\t\t\t\t\t\t\t<span class=\"elementor-toggle-icon-closed\"><i class=\"fas fa-caret-right\"><\/i><\/span>\n\t\t\t\t\t\t\t\t<span class=\"elementor-toggle-icon-opened\"><i class=\"elementor-toggle-icon-opened fas fa-caret-up\"><\/i><\/span>\n\t\t\t\t\t\t\t\t\t\t\t\t\t<\/span>\n\t\t\t\t\t\t\t\t\t\t\t\t<a href=\"\" class=\"elementor-toggle-title\">Configuration De L&#039;Ordinateur<\/a>\n\t\t\t\t\t<\/h4>\n\n\t\t\t\t\t<div id=\"elementor-tab-content-9214\" class=\"elementor-tab-content elementor-clearfix\" data-tab=\"4\" role=\"tabpanel\" aria-labelledby=\"elementor-tab-title-9214\"><ul><li style=\"font-weight: 400;\" aria-level=\"4\"><span style=\"font-weight: 400;\">En raison de la pand\u00e9mie de COVID-19, toutes les sessions de formation se d\u00e9rouleront en ligne via Zoom. Les participants doivent disposer d'une connexion Internet stable et avoir acc\u00e8s \u00e0 leur propre ordinateur de bureau ou portable (pas de Chromebooks ou de tablettes car ils sont incompatibles avec les technologies requises pour le programme).<\/span><\/li><\/ul><\/div>\n\t\t\t\t<\/div>\n\t\t\t\t\t\t\t\t\t\t<script type=\"application\/ld+json\">{\"@context\":\"https:\\\/\\\/schema.org\",\"@type\":\"FAQPage\",\"mainEntity\":[{\"@type\":\"Question\",\"name\":\"Identity\",\"acceptedAnswer\":{\"@type\":\"Answer\",\"text\":\"<ul>\\n<li style=\\\"font-weight: 400;\\\" aria-level=\\\"4\\\"><span style=\\\"font-weight: 400;\\\">Participants must identify as a woman<\\\/span><\\\/li>\\n<li style=\\\"font-weight: 400;\\\" aria-level=\\\"4\\\"><span style=\\\"font-weight: 400;\\\">Participants must be at least 18+ years of age<\\\/span><\\\/li>\\n<li style=\\\"font-weight: 400;\\\" aria-level=\\\"4\\\"><span style=\\\"font-weight: 400;\\\">Participants must have arrived to Canada as a refugee or have refugee status currently<\\\/span><\\\/li>\\n<\\\/ul>\"}},{\"@type\":\"Question\",\"name\":\"Education and Experience\",\"acceptedAnswer\":{\"@type\":\"Answer\",\"text\":\"<ul><li style=\\\"font-weight: 400;\\\" aria-level=\\\"4\\\"><span style=\\\"font-weight: 400;\\\">Participants must have at least a high school diploma or equivalent education or work experience<\\\/span><\\\/li><li style=\\\"font-weight: 400;\\\" aria-level=\\\"4\\\"><span style=\\\"font-weight: 400;\\\">Participants must be able to communicate effectively in English (CLB level is above 6 or higher)<\\\/span><\\\/li><li style=\\\"font-weight: 400;\\\" aria-level=\\\"4\\\"><span style=\\\"font-weight: 400;\\\">Participants must not currently be enrolled in another full-time OR part-time program, as this would affect their ability to commit to HER Startup<\\\/span><\\\/li><\\\/ul>\"}},{\"@type\":\"Question\",\"name\":\"Intense Schedule\",\"acceptedAnswer\":{\"@type\":\"Answer\",\"text\":\"<ul><li style=\\\"font-weight: 400;\\\" aria-level=\\\"4\\\"><span style=\\\"font-weight: 400;\\\">The time commitment during the program is between 20 to 25<\\\/span> <span style=\\\"font-weight: 400;\\\">hours per week, for 6 months. Participants must be able to commit to this schedule for the duration of the program. Mandatory class attendance is required for this program &#8211; attendance will be taken.<\\\/span><\\\/li><\\\/ul>\"}},{\"@type\":\"Question\",\"name\":\"Computer Requirements\",\"acceptedAnswer\":{\"@type\":\"Answer\",\"text\":\"<ul><li style=\\\"font-weight: 400;\\\" aria-level=\\\"4\\\"><span style=\\\"font-weight: 400;\\\">Due to the COVID-19 pandemic, all training sessions will be held online over Zoom. Participants must have a stable internet connection and have access to their own desktop computer or laptop (no Chromebooks or tablets as they are incompatible with required technologies for the program).<\\\/span><\\\/li><\\\/ul>\"}}]}<\/script>\n\t\t\t\t\t<\/div>\n\t\t\t\t<\/div>\n\t\t\t\t<\/div>\n\t\t\t\t\t\t<\/div>\n\t\t\t\t\t<\/div>\n\t\t<\/div>\n\t\t\t\t\t\t\t\t<\/div>\n\t\t\t\t\t<\/div>\n\t\t<\/section>\n\t\t\t\t<section class=\"elementor-section elementor-top-section elementor-element elementor-element-b98f968 elementor-section-boxed elementor-section-height-default elementor-section-height-default\" data-id=\"b98f968\" data-element_type=\"section\" data-settings=\"{&quot;background_background&quot;:&quot;classic&quot;}\">\n\t\t\t\t\t\t<div class=\"elementor-container elementor-column-gap-default\">\n\t\t\t\t\t\t\t<div class=\"elementor-row\">\n\t\t\t\t\t<div class=\"elementor-column elementor-col-33 elementor-top-column elementor-element elementor-element-f4289d9\" data-id=\"f4289d9\" data-element_type=\"column\">\n\t\t\t<div class=\"elementor-column-wrap elementor-element-populated\">\n\t\t\t\t\t\t\t<div class=\"elementor-widget-wrap\">\n\t\t\t\t\t\t<div class=\"elementor-element elementor-element-314a32f elementor-widget elementor-widget-heading\" data-id=\"314a32f\" data-element_type=\"widget\" data-widget_type=\"heading.default\">\n\t\t\t\t<div class=\"elementor-widget-container\">\n\t\t\t<h2 class=\"elementor-heading-title elementor-size-default\">Des Questions?<\/h2>\t\t<\/div>\n\t\t\t\t<\/div>\n\t\t\t\t\t\t<\/div>\n\t\t\t\t\t<\/div>\n\t\t<\/div>\n\t\t\t\t<div class=\"elementor-column elementor-col-33 elementor-top-column elementor-element elementor-element-11d751a\" data-id=\"11d751a\" data-element_type=\"column\">\n\t\t\t<div class=\"elementor-column-wrap elementor-element-populated\">\n\t\t\t\t\t\t\t<div class=\"elementor-widget-wrap\">\n\t\t\t\t\t\t<div class=\"elementor-element elementor-element-448adcc animated-slow elementor-align-center elementor-invisible elementor-widget elementor-widget-lottie\" data-id=\"448adcc\" data-element_type=\"widget\" data-settings=\"{&quot;source&quot;:&quot;external_url&quot;,&quot;source_external_url&quot;:{&quot;url&quot;:&quot;https:\\\/\\\/assets4.lottiefiles.com\\\/packages\\\/lf20_ii6qdbgz.json&quot;,&quot;is_external&quot;:&quot;&quot;,&quot;nofollow&quot;:&quot;&quot;,&quot;custom_attributes&quot;:&quot;&quot;},&quot;loop&quot;:&quot;yes&quot;,&quot;play_speed&quot;:{&quot;unit&quot;:&quot;px&quot;,&quot;size&quot;:0.1,&quot;sizes&quot;:[]},&quot;_animation&quot;:&quot;fadeIn&quot;,&quot;link_to&quot;:&quot;none&quot;,&quot;trigger&quot;:&quot;arriving_to_viewport&quot;,&quot;viewport&quot;:{&quot;unit&quot;:&quot;%&quot;,&quot;size&quot;:&quot;&quot;,&quot;sizes&quot;:{&quot;start&quot;:0,&quot;end&quot;:100}},&quot;start_point&quot;:{&quot;unit&quot;:&quot;%&quot;,&quot;size&quot;:&quot;0&quot;,&quot;sizes&quot;:[]},&quot;end_point&quot;:{&quot;unit&quot;:&quot;%&quot;,&quot;size&quot;:&quot;100&quot;,&quot;sizes&quot;:[]},&quot;renderer&quot;:&quot;svg&quot;}\" data-widget_type=\"lottie.default\">\n\t\t\t\t<div class=\"elementor-widget-container\">\n\t\t\t<div class=\"e-lottie__container\"><div class=\"e-lottie__animation\"><\/div><\/div>\t\t<\/div>\n\t\t\t\t<\/div>\n\t\t\t\t\t\t<\/div>\n\t\t\t\t\t<\/div>\n\t\t<\/div>\n\t\t\t\t<div class=\"elementor-column elementor-col-33 elementor-top-column elementor-element elementor-element-7265784\" data-id=\"7265784\" data-element_type=\"column\">\n\t\t\t<div class=\"elementor-column-wrap elementor-element-populated\">\n\t\t\t\t\t\t\t<div class=\"elementor-widget-wrap\">\n\t\t\t\t\t\t<div class=\"elementor-element elementor-element-c6c6dbe elementor-widget elementor-widget-text-editor\" data-id=\"c6c6dbe\" data-element_type=\"widget\" data-widget_type=\"text-editor.default\">\n\t\t\t\t<div class=\"elementor-widget-container\">\n\t\t\t\t\t\t\t\t<div class=\"elementor-text-editor elementor-clearfix\">\n\t\t\t\t<span style=\"font-weight: 400;\">Si vous avez des questions ou souhaitez en savoir plus sur le programme, veuillez vous adresser \u00e0 la HerStartUp de l&#039;\u00e9quipe: <\/span><a href=\"mailto:herstartup@syriancanadianfoundation.ca\" target=\"_blank\" rel=\"noopener\">herstartup@syriancanadianfoundation.ca<\/a><span style=\"font-weight: 400;\">.<\/span>\t\t\t\t\t<\/div>\n\t\t\t\t\t\t<\/div>\n\t\t\t\t<\/div>\n\t\t\t\t\t\t<\/div>\n\t\t\t\t\t<\/div>\n\t\t<\/div>\n\t\t\t\t\t\t\t\t<\/div>\n\t\t\t\t\t<\/div>\n\t\t<\/section>\n\t\t\t\t\t\t\t\t\t<\/div>\n\t\t\t<\/div>\n\t\t\t\t\t<\/div>","protected":false},"excerpt":{"rendered":"<p>About Your Eligibility for the Program HER Startup empowers refugee women from diverse backgrounds to launch their very own businesses. The program values diversity and focuses on the inclusion of refugee women within the startup community. We are seeking applicants who are passionate and driven to launch their own business, and have a wide-range of [&hellip;]<\/p>","protected":false},"author":2,"featured_media":0,"parent":0,"menu_order":0,"comment_status":"closed","ping_status":"closed","template":"","meta":{"footnotes":""},"class_list":["post-707","page","type-page","status-publish","hentry"],"_links":{"self":[{"href":"https:\/\/her-startup.ca\/fr\/wp-json\/wp\/v2\/pages\/707","targetHints":{"allow":["GET"]}}],"collection":[{"href":"https:\/\/her-startup.ca\/fr\/wp-json\/wp\/v2\/pages"}],"about":[{"href":"https:\/\/her-startup.ca\/fr\/wp-json\/wp\/v2\/types\/page"}],"author":[{"embeddable":true,"href":"https:\/\/her-startup.ca\/fr\/wp-json\/wp\/v2\/users\/2"}],"replies":[{"embeddable":true,"href":"https:\/\/her-startup.ca\/fr\/wp-json\/wp\/v2\/comments?post=707"}],"version-history":[{"count":0,"href":"https:\/\/her-startup.ca\/fr\/wp-json\/wp\/v2\/pages\/707\/revisions"}],"wp:attachment":[{"href":"https:\/\/her-startup.ca\/fr\/wp-json\/wp\/v2\/media?parent=707"}],"curies":[{"name":"wp","href":"https:\/\/api.w.org\/{rel}","templated":true}]}}